{"id":3153,"date":"2023-05-05T14:43:03","date_gmt":"2023-05-05T12:43:03","guid":{"rendered":"https:\/\/www.rance-evasion.fr\/?page_id=3153"},"modified":"2025-05-20T14:15:27","modified_gmt":"2025-05-20T12:15:27","slug":"reservation-en-ligne","status":"publish","type":"page","link":"https:\/\/www.rance-evasion.fr\/index.php\/reservation-en-ligne\/","title":{"rendered":"R\u00c9SERVATION EN LIGNE"},"content":{"rendered":"<p>[et_pb_section fb_built=\u00a0\u00bb1&Prime; _builder_version=\u00a0\u00bb4.21.0&Prime; _module_preset=\u00a0\u00bbdefault\u00a0\u00bb global_colors_info=\u00a0\u00bb{}\u00a0\u00bb][et_pb_row _builder_version=\u00a0\u00bb4.21.0&Prime; _module_preset=\u00a0\u00bbdefault\u00a0\u00bb global_colors_info=\u00a0\u00bb{}\u00a0\u00bb][et_pb_column type=\u00a0\u00bb4_4&Prime; _builder_version=\u00a0\u00bb4.21.0&Prime; _module_preset=\u00a0\u00bbdefault\u00a0\u00bb global_colors_info=\u00a0\u00bb{}\u00a0\u00bb][et_pb_code _builder_version=\u00a0\u00bb4.21.0&Prime; _module_preset=\u00a0\u00bbdefault\u00a0\u00bb global_colors_info=\u00a0\u00bb{}\u00a0\u00bb]<!-- FareHarbor item grid of flow #1134924 --><!-- [et_pb_line_break_holder] --><script src=\"https:\/\/fareharbor.com\/embeds\/script\/items\/rance-evasion\/?full-items=yes&#038;fallback=simple&#038;flow=1134924\"><\/script>[\/et_pb_code][\/et_pb_column][\/et_pb_row][\/et_pb_section][et_pb_section fb_built=\u00a0\u00bb1&Prime; _builder_version=\u00a0\u00bb4.16&Prime; _module_preset=\u00a0\u00bbdefault\u00a0\u00bb custom_padding=\u00a0\u00bb20px|||||\u00a0\u00bb global_colors_info=\u00a0\u00bb{}\u00a0\u00bb][et_pb_row column_structure=\u00a0\u00bb1_2,1_2&Prime; use_custom_gutter=\u00a0\u00bbon\u00a0\u00bb gutter_width=\u00a0\u00bb2&Prime; make_equal=\u00a0\u00bbon\u00a0\u00bb _builder_version=\u00a0\u00bb4.21.0&Prime; _module_preset=\u00a0\u00bbdefault\u00a0\u00bb width=\u00a0\u00bb90%\u00a0\u00bb width_tablet=\u00a0\u00bb70%\u00a0\u00bb width_phone=\u00a0\u00bb90%\u00a0\u00bb width_last_edited=\u00a0\u00bbon|phone\u00a0\u00bb max_width=\u00a0\u00bb1495px\u00a0\u00bb custom_margin=\u00a0\u00bb44px||||false|false\u00a0\u00bb custom_padding=\u00a0\u00bb0px|||||\u00a0\u00bb locked=\u00a0\u00bboff\u00a0\u00bb global_colors_info=\u00a0\u00bb{}\u00a0\u00bb][et_pb_column type=\u00a0\u00bb1_2&Prime; _builder_version=\u00a0\u00bb4.16&Prime; _module_preset=\u00a0\u00bbdefault\u00a0\u00bb background_enable_image=\u00a0\u00bboff\u00a0\u00bb custom_padding=\u00a0\u00bb20px|20px|20px|20px|true|true\u00a0\u00bb box_shadow_style=\u00a0\u00bbpreset2&Prime; global_colors_info=\u00a0\u00bb{}\u00a0\u00bb][et_pb_text content_tablet=\u00a0\u00bb<\/p>\n<blockquote>\n<h4 style=%22text-align: left;%22><strong>Je vous donne rendez-vous pour une fin de journ\u00e9e unique en mer.<\/strong><\/h4>\n<\/blockquote>\n<p style=%22text-align: center;%22>Je vous propose d&#8217;embarquer \u00e0 bord du Meissa pour vivre une fin de journ\u00e9e id\u00e9ale \u00e0 Saint-Malo. Au programme, ap\u00e9ritif et anecdotes sur un des plus beaux spots de la baie de Saint-Malo.<\/p>\n<p style=%22text-align: center;%22>Cette activit\u00e9 est limit\u00e9e \u00e0 huit passagers pour offrir un maximum de confort \u00e0 bord.<\/p>\n<p style=%22text-align: center;%22>Selon la saison et la m\u00e9t\u00e9o, un magnifique coucher de soleil peut s&rsquo;offrir \u00e0 nous !<\/p>\n<p>\u00a0\u00bb content_phone=\u00a0\u00bb<\/p>\n<blockquote>\n<h4 style=%22text-align: left;%22><strong>Je vous donne rendez-vous pour une fin de journ\u00e9e unique en mer.<\/strong><\/h4>\n<\/blockquote>\n<p style=%22text-align: justify;%22>Je vous propose d&#8217;embarquer \u00e0 bord du Meissa pour vivre une fin de journ\u00e9e id\u00e9ale \u00e0 Saint-Malo. Au programme, ap\u00e9ritif et anecdotes sur un des plus beaux spots de la baie de Saint-Malo.<\/p>\n<p style=%22text-align: justify;%22>Cette activit\u00e9 est limit\u00e9e \u00e0 huit passagers pour offrir un maximum de confort \u00e0 bord.<\/p>\n<p style=%22text-align: justify;%22>Selon la saison et la m\u00e9t\u00e9o, un magnifique coucher de soleil peut s&rsquo;offrir \u00e0 nous !<\/p>\n<p>\u00a0\u00bb content_last_edited=\u00a0\u00bbon|phone\u00a0\u00bb _builder_version=\u00a0\u00bb4.21.0&Prime; _module_preset=\u00a0\u00bbdefault\u00a0\u00bb text_font=\u00a0\u00bbMontserrat|300|||||||\u00a0\u00bb header_2_line_height=\u00a0\u00bb1.4em\u00a0\u00bb header_4_font=\u00a0\u00bbMontserrat||||||||\u00a0\u00bb header_4_font_size=\u00a0\u00bb17px\u00a0\u00bb width=\u00a0\u00bb100%\u00a0\u00bb width_tablet=\u00a0\u00bb90%\u00a0\u00bb width_phone=\u00a0\u00bb100%\u00a0\u00bb width_last_edited=\u00a0\u00bbon|phone\u00a0\u00bb custom_padding=\u00a0\u00bb20px|20px|20px|20px|true|true\u00a0\u00bb animation_direction=\u00a0\u00bbright\u00a0\u00bb header_2_line_height_tablet=\u00a0\u00bb1.4em\u00a0\u00bb header_2_line_height_phone=\u00a0\u00bb1.4em\u00a0\u00bb header_2_line_height_last_edited=\u00a0\u00bbon|desktop\u00a0\u00bb text_orientation_tablet=\u00a0\u00bb\u00a0\u00bb text_orientation_phone=\u00a0\u00bbjustified\u00a0\u00bb text_orientation_last_edited=\u00a0\u00bbon|phone\u00a0\u00bb global_colors_info=\u00a0\u00bb{}\u00a0\u00bb]<\/p>\n<blockquote>\n<h2 style=\"text-align: left;\"><strong>Comment r\u00e9server pour une balade en bateau sur la Rance ?<\/strong><\/h2>\n<\/blockquote>\n<p style=\"text-align: justify;\"><span data-metadata=\"&lt;!--(figmeta)eyJmaWxlS2V5IjoiekRTYlBYZURKTjliS1ZCaUcwd2sxVyIsInBhc3RlSUQiOjkyNTYxNTY1MSwiZGF0YVR5cGUiOiJzY2VuZSJ9Cg==(\/figmeta)--&gt;\" style=\"font-style: normal; font-variant-caps: normal; font-weight: 400; letter-spacing: normal; orphans: auto; text-align: start; text-indent: 0px; text-transform: none; white-space: normal; widows: auto; word-spacing: 0px; -webkit-text-size-adjust: auto; -webkit-text-stroke-width: 0px; text-decoration: none; caret-color: #000000; color: #000000;\"><\/span><span style=\"color: #0a0a0a;\">Pour cette sortie, je vous conseille de r\u00e9server en ligne pour embarquer sur notre bateau le MEISSA. Vous pouvez d\u2019ailleurs consulter les horaires de r\u00e9servation et les dates de d\u00e9part sur ce site. Le lieu d\u2019embarquement est situ\u00e9 au port de la Hisse \u00e0 Saint-Samson-sur-Rance, point de d\u00e9part d\u2019une balade en bateau d\u00e9paysante. En un mot, la Rance est une destination de choix et sa visite en bateau avec un capitaine passionn\u00e9 est la meilleure fa\u00e7on de la d\u00e9couvrir.<\/span><\/p>\n<p>[\/et_pb_text][\/et_pb_column][et_pb_column type=\u00a0\u00bb1_2&Prime; _builder_version=\u00a0\u00bb4.21.0&Prime; _module_preset=\u00a0\u00bbdefault\u00a0\u00bb background_image=\u00a0\u00bbhttps:\/\/www.rance-evasion.fr\/wp-content\/uploads\/2023\/03\/IMG_1113-scaled.jpg\u00a0\u00bb custom_padding_tablet=\u00a0\u00bb\u00a0\u00bb custom_padding_phone=\u00a0\u00bb155px||0px||false|false\u00a0\u00bb custom_padding_last_edited=\u00a0\u00bbon|phone\u00a0\u00bb global_colors_info=\u00a0\u00bb{}\u00a0\u00bb][\/et_pb_column][\/et_pb_row][\/et_pb_section][et_pb_section fb_built=\u00a0\u00bb1&Prime; _builder_version=\u00a0\u00bb4.21.0&Prime; _module_preset=\u00a0\u00bbdefault\u00a0\u00bb background_color=\u00a0\u00bb#005d66&Prime; custom_margin=\u00a0\u00bb||0px||false|false\u00a0\u00bb custom_padding=\u00a0\u00bb0px||0px||false|false\u00a0\u00bb global_colors_info=\u00a0\u00bb{}\u00a0\u00bb][et_pb_row column_structure=\u00a0\u00bb1_4,1_4,1_4,1_4&Prime; _builder_version=\u00a0\u00bb4.20.2&Prime; _module_preset=\u00a0\u00bbdefault\u00a0\u00bb global_colors_info=\u00a0\u00bb{}\u00a0\u00bb][et_pb_column type=\u00a0\u00bb1_4&Prime; _builder_version=\u00a0\u00bb4.20.2&Prime; _module_preset=\u00a0\u00bbdefault\u00a0\u00bb global_colors_info=\u00a0\u00bb{}\u00a0\u00bb][et_pb_image src=\u00a0\u00bbhttps:\/\/www.rance-evasion.fr\/wp-content\/uploads\/2023\/10\/cropped-LOGO-RANCE-EVASION.png\u00a0\u00bb title_text=\u00a0\u00bbLOGO-RANCE-EVASION FORMAT HAUT DE PAGEpng\u00a0\u00bb _builder_version=\u00a0\u00bb4.21.0&Prime; _module_preset=\u00a0\u00bbdefault\u00a0\u00bb global_colors_info=\u00a0\u00bb{}\u00a0\u00bb][\/et_pb_image][\/et_pb_column][et_pb_column type=\u00a0\u00bb1_4&Prime; _builder_version=\u00a0\u00bb4.20.2&Prime; _module_preset=\u00a0\u00bbdefault\u00a0\u00bb global_colors_info=\u00a0\u00bb{}\u00a0\u00bb][et_pb_text _builder_version=\u00a0\u00bb4.21.0&Prime; _module_preset=\u00a0\u00bbdefault\u00a0\u00bb text_font=\u00a0\u00bbMontserrat||||||||\u00a0\u00bb global_colors_info=\u00a0\u00bb{}\u00a0\u00bb]<\/p>\n<p><span style=\"color: #ffffff;\"><strong>HORAIRES :<\/strong><\/span><\/p>\n<p><span style=\"color: #ffffff;\">Disponible au t\u00e9l\u00e9phone entre 9h et 20h<\/span><\/p>\n<p><span style=\"color: #ffffff;\">Compagnie ouverte d&rsquo;Avril \u00e0 Septembre<\/span><\/p>\n<p><span style=\"color: #ffffff;\">Lieu d\u2019embarquement :<\/span><\/p>\n<p><span style=\"color: #ffffff;\">Port de la Hisse \u00e0 Saint Samson sur Rance<\/span><\/p>\n<p>[\/et_pb_text][\/et_pb_column][et_pb_column type=\u00a0\u00bb1_4&Prime; _builder_version=\u00a0\u00bb4.20.2&Prime; _module_preset=\u00a0\u00bbdefault\u00a0\u00bb global_colors_info=\u00a0\u00bb{}\u00a0\u00bb][et_pb_text _builder_version=\u00a0\u00bb4.21.0&Prime; _module_preset=\u00a0\u00bbdefault\u00a0\u00bb text_font=\u00a0\u00bbMontserrat||||||||\u00a0\u00bb global_colors_info=\u00a0\u00bb{}\u00a0\u00bb]<\/p>\n<p><strong><span style=\"color: #ffffff;\">CONTACT :<\/span><\/strong><\/p>\n<p><span style=\"color: #ffffff;\">T\u00e9l\u00e9phone : <span>07.86.91.22.39<\/span><\/span><\/p>\n<p><span style=\"color: #ffffff;\">E-mail : <span>rance.evasion@gmail.com<\/span><\/span><\/p>\n<p>[\/et_pb_text][\/et_pb_column][et_pb_column type=\u00a0\u00bb1_4&Prime; _builder_version=\u00a0\u00bb4.20.2&Prime; _module_preset=\u00a0\u00bbdefault\u00a0\u00bb global_colors_info=\u00a0\u00bb{}\u00a0\u00bb][et_pb_menu active_link_color=\u00a0\u00bb#FFFFFF\u00a0\u00bb _builder_version=\u00a0\u00bb4.21.0&Prime; _module_preset=\u00a0\u00bbdefault\u00a0\u00bb menu_font=\u00a0\u00bbMontserrat||||||||\u00a0\u00bb menu_text_color=\u00a0\u00bb#FFFFFF\u00a0\u00bb background_color=\u00a0\u00bb#005d66&Prime; global_colors_info=\u00a0\u00bb{}\u00a0\u00bb][\/et_pb_menu][et_pb_social_media_follow _builder_version=\u00a0\u00bb4.25.1&Prime; _module_preset=\u00a0\u00bbdefault\u00a0\u00bb global_colors_info=\u00a0\u00bb{}\u00a0\u00bb][et_pb_social_media_follow_network social_network=\u00a0\u00bbfacebook\u00a0\u00bb url=\u00a0\u00bbhttps:\/\/www.facebook.com\/profile.php?id=61555668113271&Prime; _builder_version=\u00a0\u00bb4.25.1&Prime; _module_preset=\u00a0\u00bbdefault\u00a0\u00bb background_color=\u00a0\u00bb#005d66&Prime; background_enable_color=\u00a0\u00bbon\u00a0\u00bb global_colors_info=\u00a0\u00bb{}\u00a0\u00bb follow_button=\u00a0\u00bboff\u00a0\u00bb url_new_window=\u00a0\u00bbon\u00a0\u00bb]facebook[\/et_pb_social_media_follow_network][et_pb_social_media_follow_network social_network=\u00a0\u00bbinstagram\u00a0\u00bb url=\u00a0\u00bbhttps:\/\/www.instagram.com\/rance.evasion\/\u00a0\u00bb _builder_version=\u00a0\u00bb4.25.1&Prime; _module_preset=\u00a0\u00bbdefault\u00a0\u00bb background_color=\u00a0\u00bb#005d66&Prime; background_enable_color=\u00a0\u00bbon\u00a0\u00bb global_colors_info=\u00a0\u00bb{}\u00a0\u00bb follow_button=\u00a0\u00bboff\u00a0\u00bb url_new_window=\u00a0\u00bbon\u00a0\u00bb]instagram[\/et_pb_social_media_follow_network][\/et_pb_social_media_follow][\/et_pb_column][\/et_pb_row][\/et_pb_section]<\/p>\n","protected":false},"excerpt":{"rendered":"<p>Comment r\u00e9server pour une balade en bateau sur la Rance ? Pour cette sortie, je vous conseille de r\u00e9server en ligne pour embarquer sur notre bateau le MEISSA. Vous pouvez d\u2019ailleurs consulter les horaires de r\u00e9servation et les dates de d\u00e9part sur ce site. Le lieu d\u2019embarquement est situ\u00e9 au port de la Hisse \u00e0 [&hellip;]<\/p>\n","protected":false},"author":1,"featured_media":0,"parent":0,"menu_order":0,"comment_status":"closed","ping_status":"closed","template":"","meta":{"_et_pb_use_builder":"on","_et_pb_old_content":"","_et_gb_content_width":"","footnotes":""},"class_list":["post-3153","page","type-page","status-publish","hentry"],"yoast_head":"<!-- This site is optimized with the Yoast SEO plugin v27.4 - https:\/\/yoast.com\/product\/yoast-seo-wordpress\/ -->\n<title>R\u00c9SERVATION EN LIGNE - Rance Evasion<\/title>\n<meta name=\"robots\" content=\"index, follow, max-snippet:-1, max-image-preview:large, max-video-preview:-1\" \/>\n<link rel=\"canonical\" href=\"https:\/\/www.rance-evasion.fr\/index.php\/reservation-en-ligne\/\" \/>\n<meta property=\"og:locale\" content=\"fr_FR\" \/>\n<meta property=\"og:type\" content=\"article\" \/>\n<meta property=\"og:title\" content=\"R\u00c9SERVATION EN LIGNE - Rance Evasion\" \/>\n<meta property=\"og:description\" content=\"Comment r\u00e9server pour une balade en bateau sur la Rance ? Pour cette sortie, je vous conseille de r\u00e9server en ligne pour embarquer sur notre bateau le MEISSA. Vous pouvez d\u2019ailleurs consulter les horaires de r\u00e9servation et les dates de d\u00e9part sur ce site. Le lieu d\u2019embarquement est situ\u00e9 au port de la Hisse \u00e0 [&hellip;]\" \/>\n<meta property=\"og:url\" content=\"https:\/\/www.rance-evasion.fr\/index.php\/reservation-en-ligne\/\" \/>\n<meta property=\"og:site_name\" content=\"Rance Evasion\" \/>\n<meta property=\"article:modified_time\" content=\"2025-05-20T12:15:27+00:00\" \/>\n<meta name=\"twitter:card\" content=\"summary_large_image\" \/>\n<script type=\"application\/ld+json\" class=\"yoast-schema-graph\">{\"@context\":\"https:\\\/\\\/schema.org\",\"@graph\":[{\"@type\":\"WebPage\",\"@id\":\"https:\\\/\\\/www.rance-evasion.fr\\\/index.php\\\/reservation-en-ligne\\\/\",\"url\":\"https:\\\/\\\/www.rance-evasion.fr\\\/index.php\\\/reservation-en-ligne\\\/\",\"name\":\"R\u00c9SERVATION EN LIGNE - Rance Evasion\",\"isPartOf\":{\"@id\":\"https:\\\/\\\/www.rance-evasion.fr\\\/#website\"},\"datePublished\":\"2023-05-05T12:43:03+00:00\",\"dateModified\":\"2025-05-20T12:15:27+00:00\",\"breadcrumb\":{\"@id\":\"https:\\\/\\\/www.rance-evasion.fr\\\/index.php\\\/reservation-en-ligne\\\/#breadcrumb\"},\"inLanguage\":\"fr-FR\",\"potentialAction\":[{\"@type\":\"ReadAction\",\"target\":[\"https:\\\/\\\/www.rance-evasion.fr\\\/index.php\\\/reservation-en-ligne\\\/\"]}]},{\"@type\":\"BreadcrumbList\",\"@id\":\"https:\\\/\\\/www.rance-evasion.fr\\\/index.php\\\/reservation-en-ligne\\\/#breadcrumb\",\"itemListElement\":[{\"@type\":\"ListItem\",\"position\":1,\"name\":\"Accueil\",\"item\":\"https:\\\/\\\/www.rance-evasion.fr\\\/\"},{\"@type\":\"ListItem\",\"position\":2,\"name\":\"R\u00c9SERVATION EN LIGNE\"}]},{\"@type\":\"WebSite\",\"@id\":\"https:\\\/\\\/www.rance-evasion.fr\\\/#website\",\"url\":\"https:\\\/\\\/www.rance-evasion.fr\\\/\",\"name\":\"Rance Evasion\",\"description\":\"Excursions &amp; Activit\u00e9s en Rance\",\"potentialAction\":[{\"@type\":\"SearchAction\",\"target\":{\"@type\":\"EntryPoint\",\"urlTemplate\":\"https:\\\/\\\/www.rance-evasion.fr\\\/?s={search_term_string}\"},\"query-input\":{\"@type\":\"PropertyValueSpecification\",\"valueRequired\":true,\"valueName\":\"search_term_string\"}}],\"inLanguage\":\"fr-FR\"}]}<\/script>\n<!-- \/ Yoast SEO plugin. -->","yoast_head_json":{"title":"R\u00c9SERVATION EN LIGNE - Rance Evasion","robots":{"index":"index","follow":"follow","max-snippet":"max-snippet:-1","max-image-preview":"max-image-preview:large","max-video-preview":"max-video-preview:-1"},"canonical":"https:\/\/www.rance-evasion.fr\/index.php\/reservation-en-ligne\/","og_locale":"fr_FR","og_type":"article","og_title":"R\u00c9SERVATION EN LIGNE - Rance Evasion","og_description":"Comment r\u00e9server pour une balade en bateau sur la Rance ? Pour cette sortie, je vous conseille de r\u00e9server en ligne pour embarquer sur notre bateau le MEISSA. Vous pouvez d\u2019ailleurs consulter les horaires de r\u00e9servation et les dates de d\u00e9part sur ce site. Le lieu d\u2019embarquement est situ\u00e9 au port de la Hisse \u00e0 [&hellip;]","og_url":"https:\/\/www.rance-evasion.fr\/index.php\/reservation-en-ligne\/","og_site_name":"Rance Evasion","article_modified_time":"2025-05-20T12:15:27+00:00","twitter_card":"summary_large_image","schema":{"@context":"https:\/\/schema.org","@graph":[{"@type":"WebPage","@id":"https:\/\/www.rance-evasion.fr\/index.php\/reservation-en-ligne\/","url":"https:\/\/www.rance-evasion.fr\/index.php\/reservation-en-ligne\/","name":"R\u00c9SERVATION EN LIGNE - Rance Evasion","isPartOf":{"@id":"https:\/\/www.rance-evasion.fr\/#website"},"datePublished":"2023-05-05T12:43:03+00:00","dateModified":"2025-05-20T12:15:27+00:00","breadcrumb":{"@id":"https:\/\/www.rance-evasion.fr\/index.php\/reservation-en-ligne\/#breadcrumb"},"inLanguage":"fr-FR","potentialAction":[{"@type":"ReadAction","target":["https:\/\/www.rance-evasion.fr\/index.php\/reservation-en-ligne\/"]}]},{"@type":"BreadcrumbList","@id":"https:\/\/www.rance-evasion.fr\/index.php\/reservation-en-ligne\/#breadcrumb","itemListElement":[{"@type":"ListItem","position":1,"name":"Accueil","item":"https:\/\/www.rance-evasion.fr\/"},{"@type":"ListItem","position":2,"name":"R\u00c9SERVATION EN LIGNE"}]},{"@type":"WebSite","@id":"https:\/\/www.rance-evasion.fr\/#website","url":"https:\/\/www.rance-evasion.fr\/","name":"Rance Evasion","description":"Excursions &amp; Activit\u00e9s en Rance","potentialAction":[{"@type":"SearchAction","target":{"@type":"EntryPoint","urlTemplate":"https:\/\/www.rance-evasion.fr\/?s={search_term_string}"},"query-input":{"@type":"PropertyValueSpecification","valueRequired":true,"valueName":"search_term_string"}}],"inLanguage":"fr-FR"}]}},"_links":{"self":[{"href":"https:\/\/www.rance-evasion.fr\/index.php\/wp-json\/wp\/v2\/pages\/3153","targetHints":{"allow":["GET"]}}],"collection":[{"href":"https:\/\/www.rance-evasion.fr\/index.php\/wp-json\/wp\/v2\/pages"}],"about":[{"href":"https:\/\/www.rance-evasion.fr\/index.php\/wp-json\/wp\/v2\/types\/page"}],"author":[{"embeddable":true,"href":"https:\/\/www.rance-evasion.fr\/index.php\/wp-json\/wp\/v2\/users\/1"}],"replies":[{"embeddable":true,"href":"https:\/\/www.rance-evasion.fr\/index.php\/wp-json\/wp\/v2\/comments?post=3153"}],"version-history":[{"count":28,"href":"https:\/\/www.rance-evasion.fr\/index.php\/wp-json\/wp\/v2\/pages\/3153\/revisions"}],"predecessor-version":[{"id":3685,"href":"https:\/\/www.rance-evasion.fr\/index.php\/wp-json\/wp\/v2\/pages\/3153\/revisions\/3685"}],"wp:attachment":[{"href":"https:\/\/www.rance-evasion.fr\/index.php\/wp-json\/wp\/v2\/media?parent=3153"}],"curies":[{"name":"wp","href":"https:\/\/api.w.org\/{rel}","templated":true}]}}